{"id":120,"date":"2025-09-26T22:03:33","date_gmt":"2025-09-27T01:03:33","guid":{"rendered":"https:\/\/diegoelias.dev\/pt\/?post_type=product&#038;p=120"},"modified":"2025-09-26T22:45:32","modified_gmt":"2025-09-27T01:45:32","slug":"tema-diegoelias-v1-0","status":"publish","type":"product","link":"https:\/\/diegoelias.dev\/pt\/loja\/wordpress\/tema-diegoelias-v1-0\/","title":{"rendered":"Tema DiegoEl\u00edas v1.0"},"content":{"rendered":"<p>Um tema minimalista e leve, desenvolvido originalmente para ClassicPress 2.5 com suporte completo ao Classic Commerce.<\/p>\n<p>Perfeito para projetos limpos, seguros e otimizados, que buscam velocidade e simplicidade sem abrir m\u00e3o da compatibilidade.<\/p>\n<p>Embora tenha sido criado para o ClassicPress, tamb\u00e9m funciona perfeitamente nas vers\u00f5es mais recentes do WordPress.<\/p>\n","protected":false},"excerpt":{"rendered":"<p>Um tema minimalista e leve, desenvolvido originalmente para ClassicPress 2.5 com suporte completo ao Classic Commerce. Perfeito para projetos limpos, seguros e otimizados, que buscam velocidade e simplicidade sem abrir m\u00e3o da compatibilidade. Embora tenha sido criado para o ClassicPress, tamb\u00e9m funciona perfeitamente nas vers\u00f5es mais recentes do WordPress.<\/p>\n","protected":false},"featured_media":121,"comment_status":"open","ping_status":"closed","template":"","meta":[],"product_brand":[],"product_cat":[19],"product_tag":[],"class_list":{"0":"post-120","1":"product","2":"type-product","3":"status-publish","4":"has-post-thumbnail","6":"product_cat-wordpress","8":"first","9":"instock","10":"sale","11":"downloadable","12":"virtual","13":"purchasable","14":"product-type-simple"},"_links":{"self":[{"href":"https:\/\/diegoelias.dev\/pt\/wp-json\/wp\/v2\/product\/120","targetHints":{"allow":["GET"]}}],"collection":[{"href":"https:\/\/diegoelias.dev\/pt\/wp-json\/wp\/v2\/product"}],"about":[{"href":"https:\/\/diegoelias.dev\/pt\/wp-json\/wp\/v2\/types\/product"}],"replies":[{"embeddable":true,"href":"https:\/\/diegoelias.dev\/pt\/wp-json\/wp\/v2\/comments?post=120"}],"wp:featuredmedia":[{"embeddable":true,"href":"https:\/\/diegoelias.dev\/pt\/wp-json\/wp\/v2\/media\/121"}],"wp:attachment":[{"href":"https:\/\/diegoelias.dev\/pt\/wp-json\/wp\/v2\/media?parent=120"}],"wp:term":[{"taxonomy":"product_brand","embeddable":true,"href":"https:\/\/diegoelias.dev\/pt\/wp-json\/wp\/v2\/product_brand?post=120"},{"taxonomy":"product_cat","embeddable":true,"href":"https:\/\/diegoelias.dev\/pt\/wp-json\/wp\/v2\/product_cat?post=120"},{"taxonomy":"product_tag","embeddable":true,"href":"https:\/\/diegoelias.dev\/pt\/wp-json\/wp\/v2\/product_tag?post=120"}],"curies":[{"name":"wp","href":"https:\/\/api.w.org\/{rel}","templated":true}]}}